{"id":115,"date":"2023-09-27T17:58:58","date_gmt":"2023-09-27T17:58:58","guid":{"rendered":"https:\/\/premierasesores.es\/?page_id=115"},"modified":"2023-11-03T15:48:21","modified_gmt":"2023-11-03T15:48:21","slug":"asesoria-fiscal","status":"publish","type":"page","link":"https:\/\/premierasesores.es\/index.php\/es\/asesoria-fiscal\/","title":{"rendered":"Asesor\u00eda Fiscal"},"content":{"rendered":"<p>[et_pb_section fb_built=\u00bb1&#8243; _builder_version=\u00bb4.18.1&#8243; _module_preset=\u00bbdefault\u00bb background_color=\u00bb#0C71C3&#8243; custom_padding=\u00bb22px||22px||true|false\u00bb locked=\u00bboff\u00bb global_colors_info=\u00bb{}\u00bb][et_pb_row _builder_version=\u00bb4.16&#8243; _module_preset=\u00bbdefault\u00bb global_colors_info=\u00bb{}\u00bb][et_pb_column type=\u00bb4_4&#8243; _builder_version=\u00bb4.16&#8243; _module_preset=\u00bbdefault\u00bb global_colors_info=\u00bb{}\u00bb][et_pb_text _builder_version=\u00bb4.18.1&#8243; _module_preset=\u00bbdefault\u00bb text_text_color=\u00bb#FFFFFF\u00bb header_text_color=\u00bb#FFFFFF\u00bb global_colors_info=\u00bb{}\u00bb]<\/p>\n<h1>Asesor\u00eda Fiscal<\/h1>\n<p>[\/et_pb_text][\/et_pb_column][\/et_pb_row][\/et_pb_section][et_pb_section fb_built=\u00bb1&#8243; module_id=\u00bbtab1&#8243; module_class=\u00bbtab-content\u00bb _builder_version=\u00bb4.16&#8243; custom_margin=\u00bb70px||0px||false|false\u00bb custom_padding=\u00bb0px||0px||false|false\u00bb locked=\u00bboff\u00bb global_colors_info=\u00bb{}\u00bb][et_pb_row column_structure=\u00bb1_2,1_2&#8243; _builder_version=\u00bb4.16&#8243; custom_margin=\u00bb50px||100px||false|false\u00bb custom_padding=\u00bb0px||0px||false|false\u00bb global_colors_info=\u00bb{}\u00bb][et_pb_column type=\u00bb1_2&#8243; _builder_version=\u00bb4.16&#8243; global_colors_info=\u00bb{}\u00bb][et_pb_text _builder_version=\u00bb4.18.1&#8243; text_font=\u00bbRoboto|300|||||||\u00bb text_text_color=\u00bb#000000&#8243; text_line_height=\u00bb1.8em\u00bb header_2_font=\u00bbRoboto|700|||||||\u00bb header_2_text_align=\u00bbleft\u00bb header_2_text_color=\u00bb#00406f\u00bb header_2_font_size=\u00bb27px\u00bb header_2_line_height=\u00bb1.3em\u00bb global_colors_info=\u00bb{}\u00bb]<\/p>\n<h2>Asesor\u00eda fiscal<\/h2>\n<p>Nuestros servicios de Asesor\u00eda Fiscal son la columna vertebral de nuestro compromiso con su \u00e9xito financiero. Nos encargamos de la preparaci\u00f3n y presentaci\u00f3n de declaraciones fiscales, cubriendo una amplia gama de impuestos, como el impuesto sobre la renta, el IVA y los impuestos a las sociedades, entre otros. Adem\u00e1s, simplificamos su carga administrativa al tramitar altas y bajas en la Agencia Tributaria de manera eficiente y oportuna.<\/p>\n<p>No solo nos enfocamos en los n\u00fameros, sino que tambi\u00e9n le brindamos asesor\u00eda personalizada sobre el cumplimiento de sus obligaciones fiscales y el respeto absoluto de la ley fiscal. En un entorno legal en constante cambio, le mantenemos al tanto de las \u00faltimas regulaciones y le proporcionamos estrategias efectivas para optimizar su carga tributaria, permiti\u00e9ndole concentrarse en lo que realmente importa: hacer crecer su negocio con confianza y tranquilidad. Conf\u00ede en nosotros para guiarle hacia un futuro financiero m\u00e1s s\u00f3lido y sin sorpresas desagradables.<\/p>\n<p>[\/et_pb_text][\/et_pb_column][et_pb_column type=\u00bb1_2&#8243; _builder_version=\u00bb4.16&#8243; global_colors_info=\u00bb{}\u00bb][et_pb_image src=\u00bbhttp:\/\/premierasesores.es\/wp-content\/uploads\/2023\/10\/02-.jpg\u00bb title_text=\u00bb02&#8243; align=\u00bbcenter\u00bb _builder_version=\u00bb4.23&#8243; hover_enabled=\u00bb0&#8243; global_colors_info=\u00bb{}\u00bb sticky_enabled=\u00bb0&#8243;][\/et_pb_image][\/et_pb_column][\/et_pb_row][\/et_pb_section]<\/p>\n","protected":false},"excerpt":{"rendered":"<p>Asesor\u00eda FiscalAsesor\u00eda fiscal Nuestros servicios de Asesor\u00eda Fiscal son la columna vertebral de nuestro compromiso con su \u00e9xito financiero. Nos encargamos de la preparaci\u00f3n y presentaci\u00f3n de declaraciones fiscales, cubriendo una amplia gama de impuestos, como el impuesto sobre la renta, el IVA y los impuestos a las sociedades, entre otros. Adem\u00e1s, simplificamos su carga [&hellip;]<\/p>\n","protected":false},"author":1,"featured_media":0,"parent":0,"menu_order":0,"comment_status":"closed","ping_status":"closed","template":"","meta":{"_et_pb_use_builder":"on","_et_pb_old_content":"","_et_gb_content_width":"","footnotes":""},"class_list":["post-115","page","type-page","status-publish","hentry"],"_links":{"self":[{"href":"https:\/\/premierasesores.es\/index.php\/wp-json\/wp\/v2\/pages\/115","targetHints":{"allow":["GET"]}}],"collection":[{"href":"https:\/\/premierasesores.es\/index.php\/wp-json\/wp\/v2\/pages"}],"about":[{"href":"https:\/\/premierasesores.es\/index.php\/wp-json\/wp\/v2\/types\/page"}],"author":[{"embeddable":true,"href":"https:\/\/premierasesores.es\/index.php\/wp-json\/wp\/v2\/users\/1"}],"replies":[{"embeddable":true,"href":"https:\/\/premierasesores.es\/index.php\/wp-json\/wp\/v2\/comments?post=115"}],"version-history":[{"count":4,"href":"https:\/\/premierasesores.es\/index.php\/wp-json\/wp\/v2\/pages\/115\/revisions"}],"predecessor-version":[{"id":174,"href":"https:\/\/premierasesores.es\/index.php\/wp-json\/wp\/v2\/pages\/115\/revisions\/174"}],"wp:attachment":[{"href":"https:\/\/premierasesores.es\/index.php\/wp-json\/wp\/v2\/media?parent=115"}],"curies":[{"name":"wp","href":"https:\/\/api.w.org\/{rel}","templated":true}]}}