{"id":122,"date":"2023-09-27T18:03:59","date_gmt":"2023-09-27T18:03:59","guid":{"rendered":"https:\/\/premierasesores.es\/?page_id=122"},"modified":"2023-11-03T15:53:37","modified_gmt":"2023-11-03T15:53:37","slug":"asesoria-contable","status":"publish","type":"page","link":"https:\/\/premierasesores.es\/index.php\/es\/asesoria-contable\/","title":{"rendered":"Asesor\u00eda Contable"},"content":{"rendered":"<p>[et_pb_section fb_built=\u00bb1&#8243; _builder_version=\u00bb4.18.1&#8243; _module_preset=\u00bbdefault\u00bb background_color=\u00bb#0C71C3&#8243; custom_padding=\u00bb22px||22px||true|false\u00bb locked=\u00bboff\u00bb global_colors_info=\u00bb{}\u00bb][et_pb_row _builder_version=\u00bb4.16&#8243; _module_preset=\u00bbdefault\u00bb global_colors_info=\u00bb{}\u00bb][et_pb_column type=\u00bb4_4&#8243; _builder_version=\u00bb4.16&#8243; _module_preset=\u00bbdefault\u00bb global_colors_info=\u00bb{}\u00bb][et_pb_text _builder_version=\u00bb4.18.1&#8243; _module_preset=\u00bbdefault\u00bb text_text_color=\u00bb#FFFFFF\u00bb header_text_color=\u00bb#FFFFFF\u00bb global_colors_info=\u00bb{}\u00bb]<\/p>\n<h1>Asesor\u00eda Contable<\/h1>\n<p>[\/et_pb_text][\/et_pb_column][\/et_pb_row][\/et_pb_section][et_pb_section fb_built=\u00bb1&#8243; module_id=\u00bbtab1&#8243; module_class=\u00bbtab-content\u00bb _builder_version=\u00bb4.16&#8243; custom_margin=\u00bb70px||0px||false|false\u00bb custom_padding=\u00bb0px||0px||false|false\u00bb locked=\u00bboff\u00bb global_colors_info=\u00bb{}\u00bb][et_pb_row column_structure=\u00bb1_2,1_2&#8243; _builder_version=\u00bb4.16&#8243; custom_margin=\u00bb50px||100px||false|false\u00bb custom_padding=\u00bb0px||0px||false|false\u00bb global_colors_info=\u00bb{}\u00bb][et_pb_column type=\u00bb1_2&#8243; _builder_version=\u00bb4.16&#8243; global_colors_info=\u00bb{}\u00bb][et_pb_text _builder_version=\u00bb4.18.1&#8243; text_font=\u00bbRoboto|300|||||||\u00bb text_text_color=\u00bb#000000&#8243; text_line_height=\u00bb1.8em\u00bb header_2_font=\u00bbRoboto|700|||||||\u00bb header_2_text_align=\u00bbleft\u00bb header_2_text_color=\u00bb#00406f\u00bb header_2_font_size=\u00bb27px\u00bb header_2_line_height=\u00bb1.3em\u00bb global_colors_info=\u00bb{}\u00bb]<\/p>\n<h2>Asesor\u00eda Contable<\/h2>\n<p>Nuestra \u00abAsesor\u00eda Contable\u00bb va m\u00e1s all\u00e1 de los n\u00fameros, es la base s\u00f3lida sobre la cual construir su \u00e9xito empresarial. Nos encargamos de llevar a cabo la minuciosa llevanza de libros contables y el dep\u00f3sito de cuentas de manera precisa y puntual. Adem\u00e1s, simplificamos el proceso de creaci\u00f3n de sociedades y cualquier operaci\u00f3n societaria ante el registro mercantil, asegur\u00e1ndonos de que se cumplan todos los requisitos legales.<\/p>\n<p>Nuestro equipo de expertos est\u00e1 comprometido en brindarle una visi\u00f3n clara de su situaci\u00f3n financiera. Esto se logra mediante la elaboraci\u00f3n de balances de situaci\u00f3n y balance de p\u00e9rdidas y ganancias, que le proporcionar\u00e1n una instant\u00e1nea de la salud financiera de su empresa. Adem\u00e1s, preparamos estados financieros e informes contables detallados que le ayudar\u00e1n a tomar decisiones informadas y estrat\u00e9gicas para el futuro de su negocio.<\/p>\n<p>&nbsp;<\/p>\n<p>&nbsp;<\/p>\n<p>[\/et_pb_text][\/et_pb_column][et_pb_column type=\u00bb1_2&#8243; _builder_version=\u00bb4.16&#8243; global_colors_info=\u00bb{}\u00bb][et_pb_image src=\u00bbhttp:\/\/premierasesores.es\/wp-content\/uploads\/2023\/11\/foto-trabajo-scaled.jpg\u00bb title_text=\u00bbfoto trabajo\u00bb align=\u00bbcenter\u00bb _builder_version=\u00bb4.23&#8243; hover_enabled=\u00bb0&#8243; global_colors_info=\u00bb{}\u00bb sticky_enabled=\u00bb0&#8243;][\/et_pb_image][\/et_pb_column][\/et_pb_row][\/et_pb_section]<\/p>\n","protected":false},"excerpt":{"rendered":"<p>Asesor\u00eda ContableAsesor\u00eda Contable Nuestra \u00abAsesor\u00eda Contable\u00bb va m\u00e1s all\u00e1 de los n\u00fameros, es la base s\u00f3lida sobre la cual construir su \u00e9xito empresarial. Nos encargamos de llevar a cabo la minuciosa llevanza de libros contables y el dep\u00f3sito de cuentas de manera precisa y puntual. Adem\u00e1s, simplificamos el proceso de creaci\u00f3n de sociedades y cualquier [&hellip;]<\/p>\n","protected":false},"author":1,"featured_media":0,"parent":0,"menu_order":0,"comment_status":"closed","ping_status":"closed","template":"","meta":{"_et_pb_use_builder":"on","_et_pb_old_content":"","_et_gb_content_width":"","footnotes":""},"class_list":["post-122","page","type-page","status-publish","hentry"],"_links":{"self":[{"href":"https:\/\/premierasesores.es\/index.php\/wp-json\/wp\/v2\/pages\/122","targetHints":{"allow":["GET"]}}],"collection":[{"href":"https:\/\/premierasesores.es\/index.php\/wp-json\/wp\/v2\/pages"}],"about":[{"href":"https:\/\/premierasesores.es\/index.php\/wp-json\/wp\/v2\/types\/page"}],"author":[{"embeddable":true,"href":"https:\/\/premierasesores.es\/index.php\/wp-json\/wp\/v2\/users\/1"}],"replies":[{"embeddable":true,"href":"https:\/\/premierasesores.es\/index.php\/wp-json\/wp\/v2\/comments?post=122"}],"version-history":[{"count":3,"href":"https:\/\/premierasesores.es\/index.php\/wp-json\/wp\/v2\/pages\/122\/revisions"}],"predecessor-version":[{"id":180,"href":"https:\/\/premierasesores.es\/index.php\/wp-json\/wp\/v2\/pages\/122\/revisions\/180"}],"wp:attachment":[{"href":"https:\/\/premierasesores.es\/index.php\/wp-json\/wp\/v2\/media?parent=122"}],"curies":[{"name":"wp","href":"https:\/\/api.w.org\/{rel}","templated":true}]}}