{"id":32,"date":"2021-09-25T09:32:34","date_gmt":"2021-09-25T09:32:34","guid":{"rendered":"https:\/\/premierasesores.es\/?page_id=32"},"modified":"2023-11-03T15:45:26","modified_gmt":"2023-11-03T15:45:26","slug":"la-empresa","status":"publish","type":"page","link":"https:\/\/premierasesores.es\/index.php\/es\/la-empresa\/","title":{"rendered":"La empresa"},"content":{"rendered":"<p>[et_pb_section fb_built=\u00bb1&#8243; _builder_version=\u00bb4.18.1&#8243; _module_preset=\u00bbdefault\u00bb background_color=\u00bb#0C71C3&#8243; custom_padding=\u00bb22px||22px||true|false\u00bb locked=\u00bboff\u00bb global_colors_info=\u00bb{}\u00bb][et_pb_row _builder_version=\u00bb4.16&#8243; _module_preset=\u00bbdefault\u00bb global_colors_info=\u00bb{}\u00bb][et_pb_column type=\u00bb4_4&#8243; _builder_version=\u00bb4.16&#8243; _module_preset=\u00bbdefault\u00bb global_colors_info=\u00bb{}\u00bb][et_pb_text _builder_version=\u00bb4.18.1&#8243; _module_preset=\u00bbdefault\u00bb text_text_color=\u00bb#FFFFFF\u00bb header_text_color=\u00bb#FFFFFF\u00bb global_colors_info=\u00bb{}\u00bb]<\/p>\n<h1>La Empresa<\/h1>\n<p>[\/et_pb_text][\/et_pb_column][\/et_pb_row][\/et_pb_section][et_pb_section fb_built=\u00bb1&#8243; module_id=\u00bbtab1&#8243; module_class=\u00bbtab-content\u00bb _builder_version=\u00bb4.16&#8243; custom_margin=\u00bb70px||0px||false|false\u00bb custom_padding=\u00bb0px||0px||false|false\u00bb locked=\u00bboff\u00bb global_colors_info=\u00bb{}\u00bb][et_pb_row column_structure=\u00bb1_2,1_2&#8243; _builder_version=\u00bb4.16&#8243; custom_margin=\u00bb50px||100px||false|false\u00bb custom_padding=\u00bb0px||0px||false|false\u00bb global_colors_info=\u00bb{}\u00bb][et_pb_column type=\u00bb1_2&#8243; _builder_version=\u00bb4.16&#8243; global_colors_info=\u00bb{}\u00bb][et_pb_text _builder_version=\u00bb4.18.1&#8243; text_font=\u00bbRoboto|300|||||||\u00bb text_text_color=\u00bb#000000&#8243; text_line_height=\u00bb1.8em\u00bb header_font=\u00bbRoboto||||||||\u00bb header_line_height=\u00bb1.2em\u00bb header_2_font=\u00bbRoboto|700|||||||\u00bb header_2_text_align=\u00bbleft\u00bb header_2_text_color=\u00bb#00406f\u00bb header_2_font_size=\u00bb27px\u00bb header_2_line_height=\u00bb1.3em\u00bb global_colors_info=\u00bb{}\u00bb]<\/p>\n<h1><strong>PREMIER CONSULTORES. M\u00c1S DE 20 A\u00d1OS ASESORANDO A AUT\u00d3NOMOS Y PYMES<\/strong><\/h1>\n<p><strong><\/strong><\/p>\n<p>\u00abSomos una asesor\u00eda de empresas y particulares ubicada en la ciudad de Elche, con un legado de m\u00e1s de dos d\u00e9cadas de experiencia. Nuestra dedicaci\u00f3n incansable nos ha convertido en referentes indiscutibles en los campos de Fiscal, Laboral y Contable.<\/p>\n<p>En el coraz\u00f3n de nuestra filosof\u00eda empresarial reside el compromiso absoluto con el \u00e9xito de nuestros clientes. Cada d\u00eda, desafiamos los l\u00edmites para ofrecer soluciones integrales y personalizadas que superen sus expectativas. Nuestro equipo de expertos, altamente cualificados, est\u00e1 a su disposici\u00f3n para guiarle en todos los aspectos de la gesti\u00f3n empresarial.<\/p>\n<p>Nos enorgullecemos de ser m\u00e1s que asesores; somos socios estrat\u00e9gicos en su camino hacia el progreso y la estabilidad financiera. Ya sea que necesite optimizar su carga tributaria, garantizar el cumplimiento de las leyes laborales o gestionar sus finanzas de manera eficiente, estamos aqu\u00ed para brindarle apoyo experto en cada paso del camino.<\/p>\n<p>En estos 20 a\u00f1os, hemos forjado relaciones s\u00f3lidas con nuestros clientes, convirti\u00e9ndonos en una extensi\u00f3n vital de sus equipos. Nuestro compromiso con la excelencia y la confiabilidad ha sido el pilar de nuestro \u00e9xito continuo. Al elegirnos, se beneficia de un socio de confianza que comparte su visi\u00f3n y trabaja incansablemente para hacerla realidad.<\/p>\n<p>Descubra lo que la experiencia, el conocimiento y la dedicaci\u00f3n pueden hacer por su empresa. En Premier Consultores, estamos listos para llevar su \u00e9xito al siguiente nivel.<\/p>\n<p>[\/et_pb_text][\/et_pb_column][et_pb_column type=\u00bb1_2&#8243; _builder_version=\u00bb4.16&#8243; global_colors_info=\u00bb{}\u00bb][et_pb_image src=\u00bbhttp:\/\/premierasesores.es\/wp-content\/uploads\/2023\/10\/06-.jpg\u00bb title_text=\u00bb06&#8243; align=\u00bbcenter\u00bb _builder_version=\u00bb4.18.1&#8243; global_colors_info=\u00bb{}\u00bb][\/et_pb_image][\/et_pb_column][\/et_pb_row][\/et_pb_section]<\/p>\n","protected":false},"excerpt":{"rendered":"<p>La EmpresaPREMIER CONSULTORES. M\u00c1S DE 20 A\u00d1OS ASESORANDO A AUT\u00d3NOMOS Y PYMES \u00abSomos una asesor\u00eda de empresas y particulares ubicada en la ciudad de Elche, con un legado de m\u00e1s de dos d\u00e9cadas de experiencia. Nuestra dedicaci\u00f3n incansable nos ha convertido en referentes indiscutibles en los campos de Fiscal, Laboral y Contable. En el coraz\u00f3n [&hellip;]<\/p>\n","protected":false},"author":1,"featured_media":0,"parent":0,"menu_order":0,"comment_status":"closed","ping_status":"closed","template":"","meta":{"_et_pb_use_builder":"on","_et_pb_old_content":"","_et_gb_content_width":"","footnotes":""},"class_list":["post-32","page","type-page","status-publish","hentry"],"_links":{"self":[{"href":"https:\/\/premierasesores.es\/index.php\/wp-json\/wp\/v2\/pages\/32","targetHints":{"allow":["GET"]}}],"collection":[{"href":"https:\/\/premierasesores.es\/index.php\/wp-json\/wp\/v2\/pages"}],"about":[{"href":"https:\/\/premierasesores.es\/index.php\/wp-json\/wp\/v2\/types\/page"}],"author":[{"embeddable":true,"href":"https:\/\/premierasesores.es\/index.php\/wp-json\/wp\/v2\/users\/1"}],"replies":[{"embeddable":true,"href":"https:\/\/premierasesores.es\/index.php\/wp-json\/wp\/v2\/comments?post=32"}],"version-history":[{"count":6,"href":"https:\/\/premierasesores.es\/index.php\/wp-json\/wp\/v2\/pages\/32\/revisions"}],"predecessor-version":[{"id":172,"href":"https:\/\/premierasesores.es\/index.php\/wp-json\/wp\/v2\/pages\/32\/revisions\/172"}],"wp:attachment":[{"href":"https:\/\/premierasesores.es\/index.php\/wp-json\/wp\/v2\/media?parent=32"}],"curies":[{"name":"wp","href":"https:\/\/api.w.org\/{rel}","templated":true}]}}